{"id":1017,"date":"2023-04-06T11:37:48","date_gmt":"2023-04-06T09:37:48","guid":{"rendered":"https:\/\/vitalvictory.7mconcept.com\/index.php\/produit\/t-shirt-unisexe-a-manches-courtes\/"},"modified":"2023-04-06T11:38:33","modified_gmt":"2023-04-06T09:38:33","slug":"t-shirt-unisexe-a-manches-courtes","status":"publish","type":"product","link":"https:\/\/vitalvictory.7mconcept.com\/index.php\/produit\/t-shirt-unisexe-a-manches-courtes\/","title":{"rendered":"T-shirt Unisexe \u00e0 Manches Courtes"},"content":{"rendered":"<p>Vous venez de trouver le T-shirt phare de votre garde-robe. Il est fait d&#8217;un coton plus lourd et la couture double de l&#8217;encolure et des manches lui conf\u00e8re une plus grande durabilit\u00e9, ce qui en fait un favori de tous les jours!<\/p>\n<p>\u2022 100% coton fil\u00e9 \u00e0 l&#8217;anneau<br \/>\n\u2022 Sport Grey est compos\u00e9 \u00e0 90 % de coton fil\u00e9 \u00e0 l&#8217;anneau et \u00e0 10 % de polyester<br \/>\n\u2022 Dark Heather est compos\u00e9e \u00e0 65 % de polyester et \u00e0 35 % de coton<br \/>\n\u2022 Poids du tissu: 153 g \/ m\u00b2 (4.5 oz\/yd\u00b2 )<br \/>\n\u2022 Bande de propret\u00e9 d&#8217;\u00e9paule \u00e0 \u00e9paule<br \/>\n\u2022 Quart de tour pour \u00e9viter le froissement au centre<br \/>\n\u2022 Produit vierge provenant du Bangladesh, du Honduras, d&#8217;Ha\u00efti, du Mexique ou du Nicaragua<\/p>\n","protected":false},"excerpt":{"rendered":"<p>Vous venez de trouver le T-shirt phare de votre garde-robe. Il est fait d&#8217;un coton plus lourd et la couture double de l&#8217;encolure et des manches lui conf\u00e8re une plus grande durabilit\u00e9, ce qui en fait un favori de tous les jours! \u2022 100% coton fil\u00e9 \u00e0 l&#8217;anneau \u2022 Sport Grey est compos\u00e9 \u00e0 90 &hellip;<\/p>\n<p class=\"read-more\"> <a class=\"\" href=\"https:\/\/vitalvictory.7mconcept.com\/index.php\/produit\/t-shirt-unisexe-a-manches-courtes\/\"> <span class=\"screen-reader-text\">T-shirt Unisexe \u00e0 Manches Courtes<\/span> Lire la suite\u00a0\u00bb<\/a><\/p>\n","protected":false},"featured_media":1050,"comment_status":"open","ping_status":"closed","template":"","meta":{"site-sidebar-layout":"default","site-content-layout":"default","ast-global-header-display":"","ast-main-header-display":"","ast-hfb-above-header-display":"","ast-hfb-below-header-display":"","ast-hfb-mobile-header-display":"","site-post-title":"","ast-breadcrumbs-content":"","ast-featured-img":"","footer-sml-layout":"","theme-transparent-header-meta":"","adv-header-id-meta":"","stick-header-meta":"","header-above-stick-meta":"","header-main-stick-meta":"","header-below-stick-meta":""},"product_cat":[18],"product_tag":[],"class_list":["post-1017","product","type-product","status-publish","has-post-thumbnail","hentry","product_cat-accessories","desktop-align-left","tablet-align-left","mobile-align-left"],"_links":{"self":[{"href":"https:\/\/vitalvictory.7mconcept.com\/index.php\/wp-json\/wp\/v2\/product\/1017","targetHints":{"allow":["GET"]}}],"collection":[{"href":"https:\/\/vitalvictory.7mconcept.com\/index.php\/wp-json\/wp\/v2\/product"}],"about":[{"href":"https:\/\/vitalvictory.7mconcept.com\/index.php\/wp-json\/wp\/v2\/types\/product"}],"replies":[{"embeddable":true,"href":"https:\/\/vitalvictory.7mconcept.com\/index.php\/wp-json\/wp\/v2\/comments?post=1017"}],"wp:featuredmedia":[{"embeddable":true,"href":"https:\/\/vitalvictory.7mconcept.com\/index.php\/wp-json\/wp\/v2\/media\/1050"}],"wp:attachment":[{"href":"https:\/\/vitalvictory.7mconcept.com\/index.php\/wp-json\/wp\/v2\/media?parent=1017"}],"wp:term":[{"taxonomy":"product_cat","embeddable":true,"href":"https:\/\/vitalvictory.7mconcept.com\/index.php\/wp-json\/wp\/v2\/product_cat?post=1017"},{"taxonomy":"product_tag","embeddable":true,"href":"https:\/\/vitalvictory.7mconcept.com\/index.php\/wp-json\/wp\/v2\/product_tag?post=1017"}],"curies":[{"name":"wp","href":"https:\/\/api.w.org\/{rel}","templated":true}]}}